{"id":128,"date":"2024-11-19T22:03:54","date_gmt":"2024-11-19T22:03:54","guid":{"rendered":"https:\/\/nsvisitacion.archimadrid.es\/?page_id=128"},"modified":"2025-07-08T21:19:21","modified_gmt":"2025-07-08T21:19:21","slug":"hojas-parroquiales","status":"publish","type":"page","link":"https:\/\/nsvisitacion.archimadrid.es\/index.php\/hojas-parroquiales\/","title":{"rendered":"Hojas Parroquiales y Bolet\u00edn Informativo Semanal"},"content":{"rendered":"\n<p>Descarga cada semana la Hoja Parroquial y el Bolet\u00edn <\/p>\n\n\n\n<div class=\"wp-block-columns is-layout-flex wp-container-core-columns-is-layout-28f84493 wp-block-columns-is-layout-flex\">\n<div class=\"wp-block-column is-layout-flow wp-block-column-is-layout-flow\">\n<figure class=\"wp-block-image size-full\"><img loading=\"lazy\" decoding=\"async\" width=\"735\" height=\"188\" src=\"https:\/\/nsvisitacion.archimadrid.es\/wp-content\/uploads\/2024\/11\/image-asset.png\" alt=\"\" class=\"wp-image-129\" srcset=\"https:\/\/nsvisitacion.archimadrid.es\/wp-content\/uploads\/2024\/11\/image-asset.png 735w, https:\/\/nsvisitacion.archimadrid.es\/wp-content\/uploads\/2024\/11\/image-asset-300x77.png 300w\" sizes=\"auto, (max-width: 735px) 100vw, 735px\" \/><\/figure>\n<\/div>\n\n\n\n<div class=\"wp-block-column is-layout-flow wp-block-column-is-layout-flow\">\n<figure class=\"wp-block-image size-full\"><img loading=\"lazy\" decoding=\"async\" width=\"495\" height=\"130\" src=\"https:\/\/nsvisitacion.archimadrid.es\/wp-content\/uploads\/2024\/11\/image-asset-1-4.png\" alt=\"\" class=\"wp-image-135\" srcset=\"https:\/\/nsvisitacion.archimadrid.es\/wp-content\/uploads\/2024\/11\/image-asset-1-4.png 495w, https:\/\/nsvisitacion.archimadrid.es\/wp-content\/uploads\/2024\/11\/image-asset-1-4-300x79.png 300w\" sizes=\"auto, (max-width: 495px) 100vw, 495px\" \/><\/figure>\n<\/div>\n<\/div>\n\n\n\n<div class=\"wp-block-columns is-layout-flex wp-container-core-columns-is-layout-28f84493 wp-block-columns-is-layout-flex\">\n<div class=\"wp-block-column is-layout-flow wp-block-column-is-layout-flow\">\n<p><a href=\"https:\/\/nsvisitacion.archimadrid.es\/wp-content\/uploads\/2025\/07\/1872-Hoja-Parroquial-6-de-JULIO-de-2025.pdf\">XIV DOMINGO DEL TIEMPO ORDINARIO- 6 DE JULIO<\/a><\/p>\n\n\n\n<p><a href=\"https:\/\/nsvisitacion.archimadrid.es\/wp-content\/uploads\/2025\/07\/1871-Hoja-Parroquial-29-de-JUNIO-de-2025.pdf\">SOLEMNIDAD DE SAN PABLO Y SAN PEDRO AP\u00d3STOLES &#8211; 29 DE JUNIO<\/a><\/p>\n\n\n\n<p><a href=\"https:\/\/nsvisitacion.archimadrid.es\/wp-content\/uploads\/2025\/07\/1870-Hoja-Parroquial-22-de-JUNIO-de-2025.pdf\">SOLEMNIDAD DEL CORPUS CHRISTI- 22 DE JUNIO<\/a><\/p>\n\n\n\n<p><\/p>\n<\/div>\n\n\n\n<div class=\"wp-block-column is-layout-flow wp-block-column-is-layout-flow\">\n<p><a href=\"https:\/\/nsvisitacion.archimadrid.es\/wp-content\/uploads\/2025\/07\/VISITACION-Servicio-Semanal-no-599.pdf\">SERVICIO SEMANAL INFORMATIVO 6 de julio<\/a><\/p>\n\n\n\n<p><a href=\"https:\/\/nsvisitacion.archimadrid.es\/wp-content\/uploads\/2025\/07\/VISITACION-Servicio-Semanal-no-598.pdf\">SERVICIO SEMANAL INFORMATIVO 29 de junio<\/a><\/p>\n\n\n\n<p><a href=\"https:\/\/nsvisitacion.archimadrid.es\/wp-content\/uploads\/2025\/07\/VISITACION-Servicio-Semanal-no-597-1.pdf\">SERVICIO SEMANAL INFORMATIVO 22 de junio<\/a><\/p>\n<\/div>\n<\/div>\n\n\n\n\n\n<p><\/p>\n","protected":false},"excerpt":{"rendered":"<p>Descarga cada semana la Hoja Parroquial y el Bolet\u00edn XIV DOMINGO DEL TIEMPO ORDINARIO- 6 DE JULIO SOLEMNIDAD<\/p>\n","protected":false},"author":1,"featured_media":0,"parent":0,"menu_order":0,"comment_status":"closed","ping_status":"closed","template":"","meta":{"_kadence_starter_templates_imported_post":false,"footnotes":""},"class_list":["post-128","page","type-page","status-publish","hentry"],"yoast_head":"<!-- This site is optimized with the Yoast SEO plugin v25.8 - https:\/\/yoast.com\/wordpress\/plugins\/seo\/ -->\n<title>Hojas Parroquiales y Bolet\u00edn Informativo Semanal - Parroquia Nuestra Se\u00f1ora de la Visitaci\u00f3n<\/title>\n<meta name=\"robots\" content=\"index, follow, max-snippet:-1, max-image-preview:large, max-video-preview:-1\" \/>\n<link rel=\"canonical\" href=\"https:\/\/nsvisitacion.archimadrid.es\/index.php\/hojas-parroquiales\/\" \/>\n<meta property=\"og:locale\" content=\"es_ES\" \/>\n<meta property=\"og:type\" content=\"article\" \/>\n<meta property=\"og:title\" content=\"Hojas Parroquiales y Bolet\u00edn Informativo Semanal - Parroquia Nuestra Se\u00f1ora de la Visitaci\u00f3n\" \/>\n<meta property=\"og:description\" content=\"Descarga cada semana la Hoja Parroquial y el Bolet\u00edn XIV DOMINGO DEL TIEMPO ORDINARIO- 6 DE JULIO SOLEMNIDAD\" \/>\n<meta property=\"og:url\" content=\"https:\/\/nsvisitacion.archimadrid.es\/index.php\/hojas-parroquiales\/\" \/>\n<meta property=\"og:site_name\" content=\"Parroquia Nuestra Se\u00f1ora de la Visitaci\u00f3n\" \/>\n<meta property=\"article:modified_time\" content=\"2025-07-08T21:19:21+00:00\" \/>\n<meta property=\"og:image\" content=\"https:\/\/nsvisitacion.archimadrid.es\/wp-content\/uploads\/2024\/11\/image-asset.png\" \/>\n\t<meta property=\"og:image:width\" content=\"735\" \/>\n\t<meta property=\"og:image:height\" content=\"188\" \/>\n\t<meta property=\"og:image:type\" content=\"image\/png\" \/>\n<meta name=\"twitter:card\" content=\"summary_large_image\" \/>\n<meta name=\"twitter:label1\" content=\"Tiempo de lectura\" \/>\n\t<meta name=\"twitter:data1\" content=\"1 minuto\" \/>\n<script type=\"application\/ld+json\" class=\"yoast-schema-graph\">{\"@context\":\"https:\/\/schema.org\",\"@graph\":[{\"@type\":\"WebPage\",\"@id\":\"https:\/\/nsvisitacion.archimadrid.es\/index.php\/hojas-parroquiales\/\",\"url\":\"https:\/\/nsvisitacion.archimadrid.es\/index.php\/hojas-parroquiales\/\",\"name\":\"Hojas Parroquiales y Bolet\u00edn Informativo Semanal - Parroquia Nuestra Se\u00f1ora de la Visitaci\u00f3n\",\"isPartOf\":{\"@id\":\"https:\/\/nsvisitacion.archimadrid.es\/#website\"},\"primaryImageOfPage\":{\"@id\":\"https:\/\/nsvisitacion.archimadrid.es\/index.php\/hojas-parroquiales\/#primaryimage\"},\"image\":{\"@id\":\"https:\/\/nsvisitacion.archimadrid.es\/index.php\/hojas-parroquiales\/#primaryimage\"},\"thumbnailUrl\":\"https:\/\/nsvisitacion.archimadrid.es\/wp-content\/uploads\/2024\/11\/image-asset.png\",\"datePublished\":\"2024-11-19T22:03:54+00:00\",\"dateModified\":\"2025-07-08T21:19:21+00:00\",\"breadcrumb\":{\"@id\":\"https:\/\/nsvisitacion.archimadrid.es\/index.php\/hojas-parroquiales\/#breadcrumb\"},\"inLanguage\":\"es\",\"potentialAction\":[{\"@type\":\"ReadAction\",\"target\":[\"https:\/\/nsvisitacion.archimadrid.es\/index.php\/hojas-parroquiales\/\"]}]},{\"@type\":\"ImageObject\",\"inLanguage\":\"es\",\"@id\":\"https:\/\/nsvisitacion.archimadrid.es\/index.php\/hojas-parroquiales\/#primaryimage\",\"url\":\"https:\/\/nsvisitacion.archimadrid.es\/wp-content\/uploads\/2024\/11\/image-asset.png\",\"contentUrl\":\"https:\/\/nsvisitacion.archimadrid.es\/wp-content\/uploads\/2024\/11\/image-asset.png\",\"width\":735,\"height\":188},{\"@type\":\"BreadcrumbList\",\"@id\":\"https:\/\/nsvisitacion.archimadrid.es\/index.php\/hojas-parroquiales\/#breadcrumb\",\"itemListElement\":[{\"@type\":\"ListItem\",\"position\":1,\"name\":\"Portada\",\"item\":\"https:\/\/nsvisitacion.archimadrid.es\/\"},{\"@type\":\"ListItem\",\"position\":2,\"name\":\"Hojas Parroquiales y Bolet\u00edn Informativo Semanal\"}]},{\"@type\":\"WebSite\",\"@id\":\"https:\/\/nsvisitacion.archimadrid.es\/#website\",\"url\":\"https:\/\/nsvisitacion.archimadrid.es\/\",\"name\":\"Parroquia Nuestra Se\u00f1ora de la Visitaci\u00f3n\",\"description\":\"\",\"potentialAction\":[{\"@type\":\"SearchAction\",\"target\":{\"@type\":\"EntryPoint\",\"urlTemplate\":\"https:\/\/nsvisitacion.archimadrid.es\/?s={search_term_string}\"},\"query-input\":{\"@type\":\"PropertyValueSpecification\",\"valueRequired\":true,\"valueName\":\"search_term_string\"}}],\"inLanguage\":\"es\"}]}<\/script>\n<!-- \/ Yoast SEO plugin. -->","yoast_head_json":{"title":"Hojas Parroquiales y Bolet\u00edn Informativo Semanal - Parroquia Nuestra Se\u00f1ora de la Visitaci\u00f3n","robots":{"index":"index","follow":"follow","max-snippet":"max-snippet:-1","max-image-preview":"max-image-preview:large","max-video-preview":"max-video-preview:-1"},"canonical":"https:\/\/nsvisitacion.archimadrid.es\/index.php\/hojas-parroquiales\/","og_locale":"es_ES","og_type":"article","og_title":"Hojas Parroquiales y Bolet\u00edn Informativo Semanal - Parroquia Nuestra Se\u00f1ora de la Visitaci\u00f3n","og_description":"Descarga cada semana la Hoja Parroquial y el Bolet\u00edn XIV DOMINGO DEL TIEMPO ORDINARIO- 6 DE JULIO SOLEMNIDAD","og_url":"https:\/\/nsvisitacion.archimadrid.es\/index.php\/hojas-parroquiales\/","og_site_name":"Parroquia Nuestra Se\u00f1ora de la Visitaci\u00f3n","article_modified_time":"2025-07-08T21:19:21+00:00","og_image":[{"width":735,"height":188,"url":"https:\/\/nsvisitacion.archimadrid.es\/wp-content\/uploads\/2024\/11\/image-asset.png","type":"image\/png"}],"twitter_card":"summary_large_image","twitter_misc":{"Tiempo de lectura":"1 minuto"},"schema":{"@context":"https:\/\/schema.org","@graph":[{"@type":"WebPage","@id":"https:\/\/nsvisitacion.archimadrid.es\/index.php\/hojas-parroquiales\/","url":"https:\/\/nsvisitacion.archimadrid.es\/index.php\/hojas-parroquiales\/","name":"Hojas Parroquiales y Bolet\u00edn Informativo Semanal - Parroquia Nuestra Se\u00f1ora de la Visitaci\u00f3n","isPartOf":{"@id":"https:\/\/nsvisitacion.archimadrid.es\/#website"},"primaryImageOfPage":{"@id":"https:\/\/nsvisitacion.archimadrid.es\/index.php\/hojas-parroquiales\/#primaryimage"},"image":{"@id":"https:\/\/nsvisitacion.archimadrid.es\/index.php\/hojas-parroquiales\/#primaryimage"},"thumbnailUrl":"https:\/\/nsvisitacion.archimadrid.es\/wp-content\/uploads\/2024\/11\/image-asset.png","datePublished":"2024-11-19T22:03:54+00:00","dateModified":"2025-07-08T21:19:21+00:00","breadcrumb":{"@id":"https:\/\/nsvisitacion.archimadrid.es\/index.php\/hojas-parroquiales\/#breadcrumb"},"inLanguage":"es","potentialAction":[{"@type":"ReadAction","target":["https:\/\/nsvisitacion.archimadrid.es\/index.php\/hojas-parroquiales\/"]}]},{"@type":"ImageObject","inLanguage":"es","@id":"https:\/\/nsvisitacion.archimadrid.es\/index.php\/hojas-parroquiales\/#primaryimage","url":"https:\/\/nsvisitacion.archimadrid.es\/wp-content\/uploads\/2024\/11\/image-asset.png","contentUrl":"https:\/\/nsvisitacion.archimadrid.es\/wp-content\/uploads\/2024\/11\/image-asset.png","width":735,"height":188},{"@type":"BreadcrumbList","@id":"https:\/\/nsvisitacion.archimadrid.es\/index.php\/hojas-parroquiales\/#breadcrumb","itemListElement":[{"@type":"ListItem","position":1,"name":"Portada","item":"https:\/\/nsvisitacion.archimadrid.es\/"},{"@type":"ListItem","position":2,"name":"Hojas Parroquiales y Bolet\u00edn Informativo Semanal"}]},{"@type":"WebSite","@id":"https:\/\/nsvisitacion.archimadrid.es\/#website","url":"https:\/\/nsvisitacion.archimadrid.es\/","name":"Parroquia Nuestra Se\u00f1ora de la Visitaci\u00f3n","description":"","potentialAction":[{"@type":"SearchAction","target":{"@type":"EntryPoint","urlTemplate":"https:\/\/nsvisitacion.archimadrid.es\/?s={search_term_string}"},"query-input":{"@type":"PropertyValueSpecification","valueRequired":true,"valueName":"search_term_string"}}],"inLanguage":"es"}]}},"_links":{"self":[{"href":"https:\/\/nsvisitacion.archimadrid.es\/index.php\/wp-json\/wp\/v2\/pages\/128","targetHints":{"allow":["GET"]}}],"collection":[{"href":"https:\/\/nsvisitacion.archimadrid.es\/index.php\/wp-json\/wp\/v2\/pages"}],"about":[{"href":"https:\/\/nsvisitacion.archimadrid.es\/index.php\/wp-json\/wp\/v2\/types\/page"}],"author":[{"embeddable":true,"href":"https:\/\/nsvisitacion.archimadrid.es\/index.php\/wp-json\/wp\/v2\/users\/1"}],"replies":[{"embeddable":true,"href":"https:\/\/nsvisitacion.archimadrid.es\/index.php\/wp-json\/wp\/v2\/comments?post=128"}],"version-history":[{"count":13,"href":"https:\/\/nsvisitacion.archimadrid.es\/index.php\/wp-json\/wp\/v2\/pages\/128\/revisions"}],"predecessor-version":[{"id":388,"href":"https:\/\/nsvisitacion.archimadrid.es\/index.php\/wp-json\/wp\/v2\/pages\/128\/revisions\/388"}],"wp:attachment":[{"href":"https:\/\/nsvisitacion.archimadrid.es\/index.php\/wp-json\/wp\/v2\/media?parent=128"}],"curies":[{"name":"wp","href":"https:\/\/api.w.org\/{rel}","templated":true}]}}