{"id":178,"date":"2024-12-08T19:05:31","date_gmt":"2024-12-08T19:05:31","guid":{"rendered":"https:\/\/nsvisitacion.archimadrid.es\/?page_id=178"},"modified":"2024-12-08T19:05:32","modified_gmt":"2024-12-08T19:05:32","slug":"como-puedes-colaborar-economicamente-con-la-parroquia","status":"publish","type":"page","link":"https:\/\/nsvisitacion.archimadrid.es\/index.php\/como-puedes-colaborar-economicamente-con-la-parroquia\/","title":{"rendered":"\u00bfC\u00f3mo puedes colaborar econ\u00f3micamente con la Parroquia?"},"content":{"rendered":"\n<div class=\"wp-block-media-text is-stacked-on-mobile\" style=\"grid-template-columns:16% auto\"><figure class=\"wp-block-media-text__media\"><img loading=\"lazy\" decoding=\"async\" width=\"300\" height=\"392\" src=\"https:\/\/nsvisitacion.archimadrid.es\/wp-content\/uploads\/2024\/12\/kisspng-clip-art-computer-icons-portable-network-graphics-church-svg-png-icon-free-download-55-3-1-onli-5c045df28a0de3.9299035415437900665655.png\" alt=\"\" class=\"wp-image-179 size-full\" srcset=\"https:\/\/nsvisitacion.archimadrid.es\/wp-content\/uploads\/2024\/12\/kisspng-clip-art-computer-icons-portable-network-graphics-church-svg-png-icon-free-download-55-3-1-onli-5c045df28a0de3.9299035415437900665655.png 300w, https:\/\/nsvisitacion.archimadrid.es\/wp-content\/uploads\/2024\/12\/kisspng-clip-art-computer-icons-portable-network-graphics-church-svg-png-icon-free-download-55-3-1-onli-5c045df28a0de3.9299035415437900665655-230x300.png 230w\" sizes=\"auto, (max-width: 300px) 100vw, 300px\" \/><\/figure><div class=\"wp-block-media-text__content\">\n<h2 class=\"wp-block-heading\">CESTILLO VIRTUAL (DONACI\u00d3N PUNTUAL)<\/h2>\n\n\n\n<p>Puedes hacer una donaci\u00f3n puntual mediante <strong>tarjeta de cr\u00e9dito <\/strong>en PayPal, transferencia bancaria y a trav\u00e9s de Bizum. Te lo explicamos a continuaci\u00f3n.<\/p>\n\n\n\n<blockquote class=\"wp-block-quote is-layout-flow wp-block-quote-is-layout-flow\">\n<pre id=\"yui_3_17_2_1_1733682895483_639\" class=\"wp-block-code\"><code>\u00a1IMPORTANTE para gestionar la desgravaci\u00f3n es imprescindible: Descargar, rellenar y presentar en la Parroquia el siguiente <a href=\"https:\/\/nsvisitacion.archimadrid.es\/wp-content\/uploads\/2024\/12\/a5-DonacionPuntual.docx\">formulario para desgravaciones<\/a> por donativos: Impreso Desgravaciones<a href=\"https:\/\/visitacionlasrozas.squarespace.com\/s\/a5-Donacion-Puntual.docx\"> <\/a>a trav\u00e9s de correo electr\u00f3nico a <a href=\"mailto:nsvisitacion@archimadrid.es\">nsvisitacion@archimadrid.es<\/a> o por correo postal. Si lo prefieres puedes enviarnos un e-mail con la informaci\u00f3n que se solicita en el impreso.<\/code><\/pre>\n<\/blockquote>\n<\/div><\/div>\n\n\n\n<div class=\"wp-block-media-text is-stacked-on-mobile\" style=\"grid-template-columns:16% auto\"><figure class=\"wp-block-media-text__media\"><img loading=\"lazy\" decoding=\"async\" width=\"1024\" height=\"768\" src=\"https:\/\/nsvisitacion.archimadrid.es\/wp-content\/uploads\/2024\/12\/paypal-payment-icon-editorial-logo-free-vector-1024x768.jpg\" alt=\"\" class=\"wp-image-180 size-full\" srcset=\"https:\/\/nsvisitacion.archimadrid.es\/wp-content\/uploads\/2024\/12\/paypal-payment-icon-editorial-logo-free-vector-1024x768.jpg 1024w, https:\/\/nsvisitacion.archimadrid.es\/wp-content\/uploads\/2024\/12\/paypal-payment-icon-editorial-logo-free-vector-300x225.jpg 300w, https:\/\/nsvisitacion.archimadrid.es\/wp-content\/uploads\/2024\/12\/paypal-payment-icon-editorial-logo-free-vector-768x576.jpg 768w, https:\/\/nsvisitacion.archimadrid.es\/wp-content\/uploads\/2024\/12\/paypal-payment-icon-editorial-logo-free-vector-1536x1152.jpg 1536w, https:\/\/nsvisitacion.archimadrid.es\/wp-content\/uploads\/2024\/12\/paypal-payment-icon-editorial-logo-free-vector.jpg 1920w\" sizes=\"auto, (max-width: 1024px) 100vw, 1024px\" \/><\/figure><div class=\"wp-block-media-text__content\">\n<h2 class=\"wp-block-heading\">TARJETA DE CR\u00c9DITO<\/h2>\n\n\n\n<p>Accede a PayPal y sigue las instrucciones que se indican <a href=\"https:\/\/www.paypal.com\/donate\/?cmd=_s-xclick&amp;hosted_button_id=QFFJDYZ2D9DMG&amp;source=url&amp;ssrt=1733683545913\">aqu\u00ed<\/a>.<\/p>\n\n\n\n<p><\/p>\n<\/div><\/div>\n\n\n\n<div class=\"wp-block-media-text is-stacked-on-mobile\" style=\"grid-template-columns:16% auto\"><figure class=\"wp-block-media-text__media\"><img loading=\"lazy\" decoding=\"async\" width=\"1024\" height=\"1024\" src=\"https:\/\/nsvisitacion.archimadrid.es\/wp-content\/uploads\/2024\/12\/bank-transfer-icon-simple-money-send-vector-1024x1024.jpg\" alt=\"\" class=\"wp-image-182 size-full\" srcset=\"https:\/\/nsvisitacion.archimadrid.es\/wp-content\/uploads\/2024\/12\/bank-transfer-icon-simple-money-send-vector-1024x1024.jpg 1024w, https:\/\/nsvisitacion.archimadrid.es\/wp-content\/uploads\/2024\/12\/bank-transfer-icon-simple-money-send-vector-300x300.jpg 300w, https:\/\/nsvisitacion.archimadrid.es\/wp-content\/uploads\/2024\/12\/bank-transfer-icon-simple-money-send-vector-150x150.jpg 150w, https:\/\/nsvisitacion.archimadrid.es\/wp-content\/uploads\/2024\/12\/bank-transfer-icon-simple-money-send-vector-768x768.jpg 768w, https:\/\/nsvisitacion.archimadrid.es\/wp-content\/uploads\/2024\/12\/bank-transfer-icon-simple-money-send-vector-1536x1536.jpg 1536w, https:\/\/nsvisitacion.archimadrid.es\/wp-content\/uploads\/2024\/12\/bank-transfer-icon-simple-money-send-vector.jpg 1920w\" sizes=\"auto, (max-width: 1024px) 100vw, 1024px\" \/><\/figure><div class=\"wp-block-media-text__content\">\n<h2 class=\"wp-block-heading\">TRANSFERENCIA BANCARIA<\/h2>\n\n\n\n<p>Realiza una transferencia<strong> <\/strong>a nombre de la Parroquia nuestra Se\u00f1ora de la Visitaci\u00f3n:<\/p>\n\n\n\n<p>Santander (Popular): ES70 0075 1422 38 0605090084<\/p>\n\n\n\n<p>En el concepto indique la palabra DONATIVO + DNI + Nombre y Apellidos.<\/p>\n\n\n\n<p><\/p>\n<\/div><\/div>\n\n\n\n<div class=\"wp-block-media-text is-stacked-on-mobile\" style=\"grid-template-columns:16% auto\"><figure class=\"wp-block-media-text__media\"><img loading=\"lazy\" decoding=\"async\" width=\"800\" height=\"525\" src=\"https:\/\/nsvisitacion.archimadrid.es\/wp-content\/uploads\/2024\/12\/icono-bizum.jpeg\" alt=\"\" class=\"wp-image-183 size-full\" srcset=\"https:\/\/nsvisitacion.archimadrid.es\/wp-content\/uploads\/2024\/12\/icono-bizum.jpeg 800w, https:\/\/nsvisitacion.archimadrid.es\/wp-content\/uploads\/2024\/12\/icono-bizum-300x197.jpeg 300w, https:\/\/nsvisitacion.archimadrid.es\/wp-content\/uploads\/2024\/12\/icono-bizum-768x504.jpeg 768w\" sizes=\"auto, (max-width: 800px) 100vw, 800px\" \/><\/figure><div class=\"wp-block-media-text__content\">\n<h2 class=\"wp-block-heading\">BIZUM<\/h2>\n\n\n\n<p>\u00bfQuieres hacer una donaci\u00f3n? Con Bizum lo tienes muy f\u00e1cil<\/p>\n\n\n\n<p>Desde tu app bancaria en la que tengas Bizum activo, selecciona la opci\u00f3n de enviar dinero, introduce el identificador de la Parroquia <strong>00034&nbsp; <\/strong>y el importe que quieres donar.<\/p>\n\n\n\n<p><\/p>\n<\/div><\/div>\n\n\n\n<div class=\"wp-block-media-text is-stacked-on-mobile\" style=\"grid-template-columns:19% auto\"><figure class=\"wp-block-media-text__media\"><img loading=\"lazy\" decoding=\"async\" width=\"300\" height=\"254\" src=\"https:\/\/nsvisitacion.archimadrid.es\/wp-content\/uploads\/2024\/12\/iconfinder_icon_pray_5992033.png\" alt=\"\" class=\"wp-image-185 size-full\"\/><\/figure><div class=\"wp-block-media-text__content\">\n<h2 class=\"wp-block-heading\">HAZTE SUSCRIPTOR<\/h2>\n\n\n\n<p>Puedes realizar una suscripci\u00f3n a la parroquia como forma de ayuda y donativo. Para realizar una suscripci\u00f3n, descarga, rellena y haz llegar a la parroquia el siguiente formulario:\u00a0<a href=\"https:\/\/nsvisitacion.archimadrid.es\/wp-content\/uploads\/2024\/12\/a5-DomiciliacionBancaria.docx\">Impreso Suscripci\u00f3n <\/a>a trav\u00e9s de correo electr\u00f3nico a <a href=\"mailto:nsvisitacion@archimadrid.es?subject=Formulario%20Suscripci%C3%B3n\">nsvisitacion@archimadrid.es<\/a> o por correo postal.<\/p>\n\n\n\n<blockquote class=\"wp-block-quote is-layout-flow wp-block-quote-is-layout-flow\">\n<pre class=\"wp-block-code\"><code>\u00a1IMPORTANTE para gestionar la desgravaci\u00f3n es imprescindible: Descargar, rellenar y presentar en la Parroquia el siguiente formulario para desgravaciones por donativos: <a href=\"https:\/\/nsvisitacion.archimadrid.es\/wp-content\/uploads\/2024\/12\/a5-DonacionPuntual.docx\">Impreso Desgravaciones <\/a>a trav\u00e9s de correo electr\u00f3nico a <a href=\"mailto:nsvisitacion@archimadrid.es\">nsvisitacion@archimadrid.es <\/a>o por correo postal. Si lo prefieres puedes enviarnos un e-mail con la informaci\u00f3n que se solicita en el impreso.<\/code><\/pre>\n<\/blockquote>\n<\/div><\/div>\n\n\n\n<div class=\"wp-block-media-text is-stacked-on-mobile\" style=\"grid-template-columns:19% auto\"><figure class=\"wp-block-media-text__media\"><img loading=\"lazy\" decoding=\"async\" width=\"300\" height=\"300\" src=\"https:\/\/nsvisitacion.archimadrid.es\/wp-content\/uploads\/2024\/12\/iconfinder_142_111069.png\" alt=\"\" class=\"wp-image-184 size-full\" srcset=\"https:\/\/nsvisitacion.archimadrid.es\/wp-content\/uploads\/2024\/12\/iconfinder_142_111069.png 300w, https:\/\/nsvisitacion.archimadrid.es\/wp-content\/uploads\/2024\/12\/iconfinder_142_111069-150x150.png 150w\" sizes=\"auto, (max-width: 300px) 100vw, 300px\" \/><\/figure><div class=\"wp-block-media-text__content\">\n<h2 class=\"wp-block-heading\">\u00bfYA ERES SUSCRIPTOR?<\/h2>\n\n\n\n<p>\u00a1Puedes incrementar la cuant\u00eda f\u00e1cilmente!Para aumentar la cuant\u00eda de tu suscripci\u00f3n simplemente env\u00cda un correo electr\u00f3nico a <a href=\"mailto:nsvisitacion@archimadrid.es?subject=Formulario%20Suscripci%C3%B3n\">nsvisitacion@archimadrid.es<\/a> con tu nombre y apellidos, n\u00ba de DNI \/NIF o NIE, el importe de tu donativo y la frecuencia del mismo.<\/p>\n<\/div><\/div>\n","protected":false},"excerpt":{"rendered":"<p>TARJETA DE CR\u00c9DITO Accede a PayPal y sigue las instrucciones que se indican aqu\u00ed. TRANSFERENCIA BANCARIA Realiza una<\/p>\n","protected":false},"author":1,"featured_media":0,"parent":0,"menu_order":0,"comment_status":"closed","ping_status":"closed","template":"","meta":{"_kadence_starter_templates_imported_post":false,"footnotes":""},"class_list":["post-178","page","type-page","status-publish","hentry"],"yoast_head":"<!-- This site is optimized with the Yoast SEO plugin v25.8 - https:\/\/yoast.com\/wordpress\/plugins\/seo\/ -->\n<title>\u00bfC\u00f3mo puedes colaborar econ\u00f3micamente con la Parroquia? - Parroquia Nuestra Se\u00f1ora de la Visitaci\u00f3n<\/title>\n<meta name=\"robots\" content=\"index, follow, max-snippet:-1, max-image-preview:large, max-video-preview:-1\" \/>\n<link rel=\"canonical\" href=\"https:\/\/nsvisitacion.archimadrid.es\/index.php\/como-puedes-colaborar-economicamente-con-la-parroquia\/\" \/>\n<meta property=\"og:locale\" content=\"es_ES\" \/>\n<meta property=\"og:type\" content=\"article\" \/>\n<meta property=\"og:title\" content=\"\u00bfC\u00f3mo puedes colaborar econ\u00f3micamente con la Parroquia? - Parroquia Nuestra Se\u00f1ora de la Visitaci\u00f3n\" \/>\n<meta property=\"og:description\" content=\"TARJETA DE CR\u00c9DITO Accede a PayPal y sigue las instrucciones que se indican aqu\u00ed. TRANSFERENCIA BANCARIA Realiza una\" \/>\n<meta property=\"og:url\" content=\"https:\/\/nsvisitacion.archimadrid.es\/index.php\/como-puedes-colaborar-economicamente-con-la-parroquia\/\" \/>\n<meta property=\"og:site_name\" content=\"Parroquia Nuestra Se\u00f1ora de la Visitaci\u00f3n\" \/>\n<meta property=\"article:modified_time\" content=\"2024-12-08T19:05:32+00:00\" \/>\n<meta property=\"og:image\" content=\"https:\/\/nsvisitacion.archimadrid.es\/wp-content\/uploads\/2024\/12\/kisspng-clip-art-computer-icons-portable-network-graphics-church-svg-png-icon-free-download-55-3-1-onli-5c045df28a0de3.9299035415437900665655.png\" \/>\n\t<meta property=\"og:image:width\" content=\"300\" \/>\n\t<meta property=\"og:image:height\" content=\"392\" \/>\n\t<meta property=\"og:image:type\" content=\"image\/png\" \/>\n<meta name=\"twitter:card\" content=\"summary_large_image\" \/>\n<meta name=\"twitter:label1\" content=\"Tiempo de lectura\" \/>\n\t<meta name=\"twitter:data1\" content=\"3 minutos\" \/>\n<script type=\"application\/ld+json\" class=\"yoast-schema-graph\">{\"@context\":\"https:\/\/schema.org\",\"@graph\":[{\"@type\":\"WebPage\",\"@id\":\"https:\/\/nsvisitacion.archimadrid.es\/index.php\/como-puedes-colaborar-economicamente-con-la-parroquia\/\",\"url\":\"https:\/\/nsvisitacion.archimadrid.es\/index.php\/como-puedes-colaborar-economicamente-con-la-parroquia\/\",\"name\":\"\u00bfC\u00f3mo puedes colaborar econ\u00f3micamente con la Parroquia? - Parroquia Nuestra Se\u00f1ora de la Visitaci\u00f3n\",\"isPartOf\":{\"@id\":\"https:\/\/nsvisitacion.archimadrid.es\/#website\"},\"primaryImageOfPage\":{\"@id\":\"https:\/\/nsvisitacion.archimadrid.es\/index.php\/como-puedes-colaborar-economicamente-con-la-parroquia\/#primaryimage\"},\"image\":{\"@id\":\"https:\/\/nsvisitacion.archimadrid.es\/index.php\/como-puedes-colaborar-economicamente-con-la-parroquia\/#primaryimage\"},\"thumbnailUrl\":\"https:\/\/nsvisitacion.archimadrid.es\/wp-content\/uploads\/2024\/12\/kisspng-clip-art-computer-icons-portable-network-graphics-church-svg-png-icon-free-download-55-3-1-onli-5c045df28a0de3.9299035415437900665655.png\",\"datePublished\":\"2024-12-08T19:05:31+00:00\",\"dateModified\":\"2024-12-08T19:05:32+00:00\",\"breadcrumb\":{\"@id\":\"https:\/\/nsvisitacion.archimadrid.es\/index.php\/como-puedes-colaborar-economicamente-con-la-parroquia\/#breadcrumb\"},\"inLanguage\":\"es\",\"potentialAction\":[{\"@type\":\"ReadAction\",\"target\":[\"https:\/\/nsvisitacion.archimadrid.es\/index.php\/como-puedes-colaborar-economicamente-con-la-parroquia\/\"]}]},{\"@type\":\"ImageObject\",\"inLanguage\":\"es\",\"@id\":\"https:\/\/nsvisitacion.archimadrid.es\/index.php\/como-puedes-colaborar-economicamente-con-la-parroquia\/#primaryimage\",\"url\":\"https:\/\/nsvisitacion.archimadrid.es\/wp-content\/uploads\/2024\/12\/kisspng-clip-art-computer-icons-portable-network-graphics-church-svg-png-icon-free-download-55-3-1-onli-5c045df28a0de3.9299035415437900665655.png\",\"contentUrl\":\"https:\/\/nsvisitacion.archimadrid.es\/wp-content\/uploads\/2024\/12\/kisspng-clip-art-computer-icons-portable-network-graphics-church-svg-png-icon-free-download-55-3-1-onli-5c045df28a0de3.9299035415437900665655.png\",\"width\":300,\"height\":392},{\"@type\":\"BreadcrumbList\",\"@id\":\"https:\/\/nsvisitacion.archimadrid.es\/index.php\/como-puedes-colaborar-economicamente-con-la-parroquia\/#breadcrumb\",\"itemListElement\":[{\"@type\":\"ListItem\",\"position\":1,\"name\":\"Portada\",\"item\":\"https:\/\/nsvisitacion.archimadrid.es\/\"},{\"@type\":\"ListItem\",\"position\":2,\"name\":\"\u00bfC\u00f3mo puedes colaborar econ\u00f3micamente con la Parroquia?\"}]},{\"@type\":\"WebSite\",\"@id\":\"https:\/\/nsvisitacion.archimadrid.es\/#website\",\"url\":\"https:\/\/nsvisitacion.archimadrid.es\/\",\"name\":\"Parroquia Nuestra Se\u00f1ora de la Visitaci\u00f3n\",\"description\":\"\",\"potentialAction\":[{\"@type\":\"SearchAction\",\"target\":{\"@type\":\"EntryPoint\",\"urlTemplate\":\"https:\/\/nsvisitacion.archimadrid.es\/?s={search_term_string}\"},\"query-input\":{\"@type\":\"PropertyValueSpecification\",\"valueRequired\":true,\"valueName\":\"search_term_string\"}}],\"inLanguage\":\"es\"}]}<\/script>\n<!-- \/ Yoast SEO plugin. -->","yoast_head_json":{"title":"\u00bfC\u00f3mo puedes colaborar econ\u00f3micamente con la Parroquia? - Parroquia Nuestra Se\u00f1ora de la Visitaci\u00f3n","robots":{"index":"index","follow":"follow","max-snippet":"max-snippet:-1","max-image-preview":"max-image-preview:large","max-video-preview":"max-video-preview:-1"},"canonical":"https:\/\/nsvisitacion.archimadrid.es\/index.php\/como-puedes-colaborar-economicamente-con-la-parroquia\/","og_locale":"es_ES","og_type":"article","og_title":"\u00bfC\u00f3mo puedes colaborar econ\u00f3micamente con la Parroquia? - Parroquia Nuestra Se\u00f1ora de la Visitaci\u00f3n","og_description":"TARJETA DE CR\u00c9DITO Accede a PayPal y sigue las instrucciones que se indican aqu\u00ed. TRANSFERENCIA BANCARIA Realiza una","og_url":"https:\/\/nsvisitacion.archimadrid.es\/index.php\/como-puedes-colaborar-economicamente-con-la-parroquia\/","og_site_name":"Parroquia Nuestra Se\u00f1ora de la Visitaci\u00f3n","article_modified_time":"2024-12-08T19:05:32+00:00","og_image":[{"width":300,"height":392,"url":"https:\/\/nsvisitacion.archimadrid.es\/wp-content\/uploads\/2024\/12\/kisspng-clip-art-computer-icons-portable-network-graphics-church-svg-png-icon-free-download-55-3-1-onli-5c045df28a0de3.9299035415437900665655.png","type":"image\/png"}],"twitter_card":"summary_large_image","twitter_misc":{"Tiempo de lectura":"3 minutos"},"schema":{"@context":"https:\/\/schema.org","@graph":[{"@type":"WebPage","@id":"https:\/\/nsvisitacion.archimadrid.es\/index.php\/como-puedes-colaborar-economicamente-con-la-parroquia\/","url":"https:\/\/nsvisitacion.archimadrid.es\/index.php\/como-puedes-colaborar-economicamente-con-la-parroquia\/","name":"\u00bfC\u00f3mo puedes colaborar econ\u00f3micamente con la Parroquia? - Parroquia Nuestra Se\u00f1ora de la Visitaci\u00f3n","isPartOf":{"@id":"https:\/\/nsvisitacion.archimadrid.es\/#website"},"primaryImageOfPage":{"@id":"https:\/\/nsvisitacion.archimadrid.es\/index.php\/como-puedes-colaborar-economicamente-con-la-parroquia\/#primaryimage"},"image":{"@id":"https:\/\/nsvisitacion.archimadrid.es\/index.php\/como-puedes-colaborar-economicamente-con-la-parroquia\/#primaryimage"},"thumbnailUrl":"https:\/\/nsvisitacion.archimadrid.es\/wp-content\/uploads\/2024\/12\/kisspng-clip-art-computer-icons-portable-network-graphics-church-svg-png-icon-free-download-55-3-1-onli-5c045df28a0de3.9299035415437900665655.png","datePublished":"2024-12-08T19:05:31+00:00","dateModified":"2024-12-08T19:05:32+00:00","breadcrumb":{"@id":"https:\/\/nsvisitacion.archimadrid.es\/index.php\/como-puedes-colaborar-economicamente-con-la-parroquia\/#breadcrumb"},"inLanguage":"es","potentialAction":[{"@type":"ReadAction","target":["https:\/\/nsvisitacion.archimadrid.es\/index.php\/como-puedes-colaborar-economicamente-con-la-parroquia\/"]}]},{"@type":"ImageObject","inLanguage":"es","@id":"https:\/\/nsvisitacion.archimadrid.es\/index.php\/como-puedes-colaborar-economicamente-con-la-parroquia\/#primaryimage","url":"https:\/\/nsvisitacion.archimadrid.es\/wp-content\/uploads\/2024\/12\/kisspng-clip-art-computer-icons-portable-network-graphics-church-svg-png-icon-free-download-55-3-1-onli-5c045df28a0de3.9299035415437900665655.png","contentUrl":"https:\/\/nsvisitacion.archimadrid.es\/wp-content\/uploads\/2024\/12\/kisspng-clip-art-computer-icons-portable-network-graphics-church-svg-png-icon-free-download-55-3-1-onli-5c045df28a0de3.9299035415437900665655.png","width":300,"height":392},{"@type":"BreadcrumbList","@id":"https:\/\/nsvisitacion.archimadrid.es\/index.php\/como-puedes-colaborar-economicamente-con-la-parroquia\/#breadcrumb","itemListElement":[{"@type":"ListItem","position":1,"name":"Portada","item":"https:\/\/nsvisitacion.archimadrid.es\/"},{"@type":"ListItem","position":2,"name":"\u00bfC\u00f3mo puedes colaborar econ\u00f3micamente con la Parroquia?"}]},{"@type":"WebSite","@id":"https:\/\/nsvisitacion.archimadrid.es\/#website","url":"https:\/\/nsvisitacion.archimadrid.es\/","name":"Parroquia Nuestra Se\u00f1ora de la Visitaci\u00f3n","description":"","potentialAction":[{"@type":"SearchAction","target":{"@type":"EntryPoint","urlTemplate":"https:\/\/nsvisitacion.archimadrid.es\/?s={search_term_string}"},"query-input":{"@type":"PropertyValueSpecification","valueRequired":true,"valueName":"search_term_string"}}],"inLanguage":"es"}]}},"_links":{"self":[{"href":"https:\/\/nsvisitacion.archimadrid.es\/index.php\/wp-json\/wp\/v2\/pages\/178","targetHints":{"allow":["GET"]}}],"collection":[{"href":"https:\/\/nsvisitacion.archimadrid.es\/index.php\/wp-json\/wp\/v2\/pages"}],"about":[{"href":"https:\/\/nsvisitacion.archimadrid.es\/index.php\/wp-json\/wp\/v2\/types\/page"}],"author":[{"embeddable":true,"href":"https:\/\/nsvisitacion.archimadrid.es\/index.php\/wp-json\/wp\/v2\/users\/1"}],"replies":[{"embeddable":true,"href":"https:\/\/nsvisitacion.archimadrid.es\/index.php\/wp-json\/wp\/v2\/comments?post=178"}],"version-history":[{"count":1,"href":"https:\/\/nsvisitacion.archimadrid.es\/index.php\/wp-json\/wp\/v2\/pages\/178\/revisions"}],"predecessor-version":[{"id":187,"href":"https:\/\/nsvisitacion.archimadrid.es\/index.php\/wp-json\/wp\/v2\/pages\/178\/revisions\/187"}],"wp:attachment":[{"href":"https:\/\/nsvisitacion.archimadrid.es\/index.php\/wp-json\/wp\/v2\/media?parent=178"}],"curies":[{"name":"wp","href":"https:\/\/api.w.org\/{rel}","templated":true}]}}