{"id":232,"date":"2025-02-13T18:52:50","date_gmt":"2025-02-13T18:52:50","guid":{"rendered":"https:\/\/nsvisitacion.archimadrid.es\/?page_id=232"},"modified":"2025-02-13T19:48:27","modified_gmt":"2025-02-13T19:48:27","slug":"el-rito-del-matrimonio","status":"publish","type":"page","link":"https:\/\/nsvisitacion.archimadrid.es\/index.php\/el-rito-del-matrimonio\/","title":{"rendered":"El Rito del Matrimonio"},"content":{"rendered":"\n<details class=\"wp-block-details is-layout-flow wp-block-details-is-layout-flow\"><summary>CELEBRACI\u00d3N DEL SACRAMENTO DEL MATRIMONIO. <br>A continuaci\u00f3n se presentan las diferentes partes de la celebraci\u00f3n del sacramento del matrimonio y varias opciones de las mismas. <\/summary>\n<p><strong>MONICI\u00d3N<\/strong><\/p>\n\n\n\n<p id=\"yui_3_17_2_1_1739472520234_517\">Queridos hermanos:<\/p>\n\n\n\n<p id=\"yui_3_17_2_1_1739472520234_531\">Llenos de alegr\u00eda, hemos venido a la casa del Se\u00f1or para esta celebraci\u00f3n, acompa\u00f1ando a N. y N. en el d\u00eda en que se disponen a celebrar su uni\u00f3n matrimonial. Para ellos este momento es de singular importancia. Por ello, acompa\u00f1\u00e9moslos con nuestro cari\u00f1o, amistad y oraci\u00f3n fraterna. Escuchemos atentamente con ellos la Palabra que Dios nos va a dirigir hoy. Despu\u00e9s, con la santa Iglesia, invocaremos a Dios Padre, por Jesucristo, nuestro Se\u00f1or, para que acoja complacido a estos hijos suyos que van a contraer Matrimonio, los bendiga y les conceda vivir en unidad permanente.<\/p>\n\n\n\n<p><strong>ORACI\u00d3N<\/strong><\/p>\n\n\n\n<p id=\"yui_3_17_2_1_1739472520234_549\">Escucha nuestras s\u00faplicas, Se\u00f1or, derrama tu gracia sobre estos hijos tuyos, que se unen junto a tu altar, y hazlos fuertes en la mutua caridad. Por nuestro Se\u00f1or Jesucristo, tu Hijo, que vive y reina contigo en la unidad del Esp\u00edritu Santo y es Dios por los siglos de los siglos. Am\u00e9n<\/p>\n\n\n\n<p><strong>LITURGIA DE LA PALABRA<\/strong><\/p>\n\n\n\n<p>Consultar \u201cLecturas recomendadas\u201d (pinchando aqu\u00ed)<\/p>\n\n\n\n<p><strong>CELEBRACI\u00d3N DEL MATRIMONIO<\/strong><\/p>\n\n\n\n<p><strong>MONICI\u00d3N<\/strong><br>Queridos hermanos: Estamos aqu\u00ed, junto al altar, para que Dios garantice con su gracia vuestra voluntad de contraer Matrimonio ante el ministro de la Iglesia y la comunidad cristiana ahora reunida. Cristo bendice copiosamente vuestro amor conyugal, y \u00e9l, que os consagr\u00f3 un d\u00eda con el santo Bautismo, os enriquece hoy y os da fuerza con un Sacramento peculiar para que os guard\u00e9is mutua y perpetua felicidad y pod\u00e1is cumplir las dem\u00e1s obligaciones del Matrimonio. Por tanto, ante esta asamblea, os pregunto sobre vuestra intenci\u00f3n.<\/p>\n\n\n\n<p><strong>ESCRUTINIO<\/strong><\/p>\n\n\n\n<ul id=\"yui_3_17_2_1_1739473147417_528\" class=\"wp-block-list\">\n<li><strong>El sacerdote dice: <\/strong>N. y N., \u00bfven\u00eds a contraer Matrimonio sin ser coaccionados, libre y voluntariamente?<\/li>\n\n\n\n<li><strong>Los novios responden:<\/strong> &#8211; S\u00ed, venimos libremente.<\/li>\n\n\n\n<li><strong>El sacerdote dice:<\/strong> \u00bfEst\u00e1is decididos a amaros y respetaros mutuamente, siguiendo el modo de vida propio del Matrimonio, durante toda la vida?<\/li>\n\n\n\n<li><strong>Los novios responden: <\/strong>S\u00ed, estamos decididos.<\/li>\n\n\n\n<li><strong>El sacerdote dice:<\/strong> \u00bfEst\u00e1is dispuestos a recibir de Dios responsable y amorosamente los hijos, y a educarlos seg\u00fan la ley de Cristo y de su Iglesia?<\/li>\n\n\n\n<li><strong>Los novios responden:<\/strong> S\u00ed, estamos dispuestos.<\/li>\n<\/ul>\n\n\n\n<p><strong>CONSENTIMIENTO<\/strong><\/p>\n\n\n\n<ul id=\"yui_3_17_2_1_1739473147417_554\" class=\"wp-block-list\">\n<li><strong>El sacerdote dice:<\/strong> As\u00ed, pues, ya que quer\u00e9is contraer santo Matrimonio, unid vuestras manos, y manifestad vuestro consentimiento ante Dios y su Iglesia. Los esposos unen su mano derecha<\/li>\n\n\n\n<li><strong>El var\u00f3n dice:<\/strong> Yo, N., te recibo a ti, N., como esposa y me entrego a ti, y prometo serte fiel en la prosperidad y en la adversidad, en la salud y en la enfermedad, y as\u00ed amarte y respetarte todos los d\u00edas de mi vida.<\/li>\n\n\n\n<li><strong>La mujer dice <\/strong>Yo, N., te recibo a ti, N., como esposo y me entrego a ti, y prometo serte fiel en la prosperidad y en la adversidad, en la salud y en la enfermedad, y as\u00ed amarte y respetarte todos los d\u00edas de mi vida.<\/li>\n<\/ul>\n\n\n\n<p><strong>OTRAS F\u00d3RMULAS DE CONSENTIMIENTO<\/strong><\/p>\n\n\n\n<ul id=\"yui_3_17_2_1_1739473147417_650\" class=\"wp-block-list\">\n<li><strong>El var\u00f3n dice:<\/strong> N., \u00bfquieres ser mi mujer?<\/li>\n\n\n\n<li><strong>La mujer responde: <\/strong>S\u00ed, quiero.<\/li>\n\n\n\n<li><strong>La mujer dice: <\/strong>N., \u00bfquieres ser mi marido?<\/li>\n\n\n\n<li><strong>El var\u00f3n responde: <\/strong>S\u00ed, quiero.<\/li>\n\n\n\n<li><strong>El var\u00f3n dice: <\/strong>N., yo te recibo como esposa y prometo amarte fielmente durante toda mi vida.<\/li>\n\n\n\n<li><strong>La mujer dice: <\/strong>N., yo te recibo como esposo y prometo amarte fielmente durante toda mi vida.<\/li>\n<\/ul>\n\n\n\n<h3 class=\"wp-block-heading\">Tercera f\u00f3rmula<\/h3>\n\n\n\n<ul class=\"wp-block-list\">\n<li><strong>El var\u00f3n dice:<\/strong> Yo, N., te recibo a ti, N., como leg\u00edtima mujer m\u00eda y me entrego a ti como leg\u00edtimo marido tuyo, seg\u00fan lo manda la santa Madre Iglesia cat\u00f3lica.<\/li>\n\n\n\n<li><strong>La mujer dice:<\/strong> Yo, N., te recibo a ti, N., como leg\u00edtimo marido m\u00edo y me entrego a ti como leg\u00edtima mujer tuya, seg\u00fan lo manda la santa Madre Iglesia cat\u00f3lica.<\/li>\n<\/ul>\n\n\n\n<h3 class=\"wp-block-heading\">Cuarta f\u00f3rmula<\/h3>\n\n\n\n<ul class=\"wp-block-list\">\n<li><strong>El celebrante dice: <\/strong>N. \u00bfquieres recibir a (nombre de la novia), como esposa, y prometes serle fiel en la prosperidad y en la adversidad, en la salud y en la enfermedad, y as\u00ed, amarla y respetarla todos los d\u00edas de tu vida?<\/li>\n\n\n\n<li><strong>El var\u00f3n responde: <\/strong>S\u00ed, quiero.<\/li>\n\n\n\n<li><strong>El celebrante dice:<\/strong> N. \u00bfquieres recibir a (nombre del novio), como esposo, y prometes serle fiel en la prosperidad y en la adversidad, en la salud y en la enfermedad, y as\u00ed, amarlo y respetarlo todos los d\u00edas de tu vida?<\/li>\n\n\n\n<li><strong>La mujer responde: <\/strong>S\u00ed, quiero.<\/li>\n<\/ul>\n\n\n\n<h3 class=\"wp-block-heading\">CONFIRMACI\u00d3N DEL CONSENTIMIENTO<\/h3>\n\n\n\n<p>El Se\u00f1or confirme con su bondad este consentimiento vuestro que hab\u00e9is manifestado ante la Iglesia y os otorgue su copiosa bendici\u00f3n. Lo que Dios ha unido, que no lo separe el hombre.<\/p>\n\n\n\n<h3 class=\"wp-block-heading\">&nbsp;BENDICI\u00d3N Y ENTREGA DE LOS ANILLOS<\/h3>\n\n\n\n<ul id=\"yui_3_17_2_1_1739473147417_701\" class=\"wp-block-list\">\n<li><strong>El sacerdote celebrante dice<\/strong>: El Se\u00f1or bendiga estos anillos que vais a entregaros uno al otro en se\u00f1al de amor y de fidelidad. R\/. Am\u00e9n.<\/li>\n\n\n\n<li><strong>El esposo dice<\/strong>: N., recibe esta alianza, en se\u00f1al de mi amor y fidelidad a ti. En el nombre del Padre y del Hijo y del Esp\u00edritu Santo.<\/li>\n\n\n\n<li><strong>La esposa dice<\/strong>: N., recibe esta alianza, en se\u00f1al de mi amor y fidelidad a ti. En el nombre del Padre y del Hijo y del Esp\u00edritu Santo.<\/li>\n<\/ul>\n\n\n\n<h3 class=\"wp-block-heading\" id=\"yui_3_17_2_1_1739473147417_705\">BENDICI\u00d3N Y ENTREGA DE LAS ARRAS:<\/h3>\n\n\n\n<ul class=\"wp-block-list\">\n<li><strong>El sacerdote dice: <\/strong>Bendice, Se\u00f1or, estas arras, que N. y N. se entregan, y derrama sobre ellos la abundancia de tus bienes.<\/li>\n\n\n\n<li><strong>El esposo: <\/strong>N., recibe estas arras como prenda de la bendici\u00f3n de Dios y signo de los bienes que vamos a compartir.<\/li>\n\n\n\n<li><strong>La esposa: <\/strong>N., recibe estas arras como prenda de la bendici\u00f3n de Dios y signo de los bienes que vamos a compartir.<\/li>\n<\/ul>\n\n\n\n<p><strong>ORACI\u00d3N DE LOS FIELES<\/strong><\/p>\n\n\n\n<p>Oremos, hermanos, por las necesidades de la santa Iglesia y de todo el mundo, y encomendemos especialmente a nuestros hermanos N. y N., que acaban de celebrar con gozo su Matrimonio.<\/p>\n\n\n\n<ul id=\"yui_3_17_2_1_1739473147417_740\" class=\"wp-block-list\">\n<li>Por la santa Iglesia: para que Dios le conceda ser siempre la esposa fiel de Jesucristo. Roguemos al Se\u00f1or.<\/li>\n\n\n\n<li>Por los nuevos esposos N. y N.: para que el Esp\u00edritu Santo los llene con su gracia y haga de su uni\u00f3n un signo vivo del amor de Jesucristo a su Iglesia. Roguemos al Se\u00f1or.<\/li>\n\n\n\n<li>Por nuestro hermano N.: para que sea siempre fiel al Se\u00f1or como Abrah\u00e1n y admirable por su piedad y honradez como Tob\u00edas. Roguemos al Se\u00f1or.<\/li>\n\n\n\n<li>Por nuestra hermana N.: para que sea siempre irreprensible en su conducta, brille por su dulzura y pureza, humildad y prudencia. Roguemos al Se\u00f1or.<\/li>\n\n\n\n<li>Por todos los Matrimonios: para que, en el amor mutuo y en la fidelidad constante, sean en nuestra sociedad fermento de paz y unidad. Roguemos al Se\u00f1or.<\/li>\n\n\n\n<li>Por los miembros de nuestras familias que han muerto en la esperanza de la resurrecci\u00f3n: para que Cristo los acoja en su reino y los revista de gloria y de inmortalidad. Ro\u00adguemos al Se\u00f1or.<\/li>\n<\/ul>\n\n\n\n<p>Escucha, Padre de bondad, nuestra oraci\u00f3n y concede a tus siervos, que conf\u00edan en ti, conseguir los dones de tu gracia, conservar el amor en la unidad y llegar [con su descendencia], despu\u00e9s de esta vida, al reino eterno. Por Jesucristo nuestro Se\u00f1or.<strong><br><\/strong><\/p>\n\n\n\n<p><strong>OFERTORIO<\/strong><\/p>\n\n\n\n<p>Recibe, Se\u00f1or, el sacrificio que te ofrecemos por \u00e9stos que hoy se unen en santo Matrimonio y, ya que los has bendecido, gu\u00e1rdalos en tu amor. Por Jesucristo nuestro Se\u00f1or. Am\u00e9n.<\/p>\n\n\n\n<p><strong>PREFACIO<\/strong><\/p>\n\n\n\n<p>En verdad es justo y necesario, es nuestro deber y salvaci\u00f3n darte gracias siempre y en todo lugar, Se\u00f1or, Padre santo, Dios todopoderoso y eterno. Que con el yugo suave del amor y el v\u00ednculo indisoluble de la unidad, hiciste m\u00e1s fuerte la alianza nupcial, para que aumenten los hijos de tu adopci\u00f3n por la honesta fecundidad de los esposos.<\/p>\n\n\n\n<p>T\u00fa providencia, Se\u00f1or, y tu amor lo dispuso as\u00ed de modo tan admirable, que el nacer llena la tierra y el renacer aumenta tu Iglesia, por Cristo, Se\u00f1or nuestro.<\/p>\n\n\n\n<p>Por eso, con los \u00e1ngeles y los santos, cantamos sin cesar el himno de tu gloria: Santo, Santo, Santo<\/p>\n\n\n\n<p><strong>PLEGARIA EUCAR\u00cdSTICA<\/strong><\/p>\n\n\n\n<p><strong>PADRE NUESTRO<\/strong><\/p>\n\n\n\n<p><strong>BENDICI\u00d3N NUPCIAL<\/strong><\/p>\n\n\n\n<p>Queridos hermanos, roguemos humildemente al Se\u00f1or que derrame la gracia de su bendici\u00f3n sobre estos hijos suyos, que acaban de contraer Matrimonio en Cristo, y a los que uni\u00f3 en santa alianza, [por el sacramento del Cuerpo y de la Sangre de Cristo que van a recibir] los haga perseverar en un mismo amor.<\/p>\n\n\n\n<p id=\"yui_3_17_2_1_1739473147417_834\">\u00a1Oh! Dios, que con tu poder creaste todo de la nada, y, desde el comienzo de la creaci\u00f3n, hiciste al hombre a tu imagen y le diste la ayuda inseparable de la mujer, de modo que ya no fuesen dos, sino una sola carne, ense\u00f1\u00e1ndonos que nunca ser\u00e1 l\u00edcito separar lo que quisiste fuera una sola cosa.<\/p>\n\n\n\n<p>\u00a1Oh! Dios, que consagraste la alianza matrimonial con un gran Misterio y has querido prefigurar en el Matrimonio la uni\u00f3n de Cristo con la Iglesia.<\/p>\n\n\n\n<p>\u00a1Oh! Dios, que unes la mujer al var\u00f3n y otorgas a esta uni\u00f3n, establecida desde el principio, la \u00fanica bendici\u00f3n que no fue abolida ni por la pena del pecado original, ni por el castigo del diluvio.<\/p>\n\n\n\n<p>Mira con bondad a estos hijos tuyos, que, unidos en Matrimonio, piden ser fortalecidos con tu bendici\u00f3n: Env\u00eda sobre ellos la gracia del Esp\u00edritu Santo, para que tu amor, derramado en sus corazones, los haga permanecer fieles en la alianza conyugal.<\/p>\n\n\n\n<p>Abunde en tu hija N. el don del amor y de la paz, e imite los ejemplos de las santas mujeres, cuyas alabanzas proclama la Escritura.<\/p>\n\n\n\n<p>Conf\u00ede en ella el coraz\u00f3n de su esposo N., y teni\u00e9ndola por copart\u00edcipe y coheredera de una misma gracia y una misma vida, la respete y ame siempre como Cristo ama a su Iglesia.<\/p>\n\n\n\n<p>Y ahora, Se\u00f1or, te pedimos tambi\u00e9n que estos hijos tuyos: permanezcan en la fe y amen tus preceptos; que, unidos en Matrimonio, sean ejemplo por la integridad de sus costumbres; y, fortalecidos con el poder del Evangelio, manifiesten a todos el testimonio de Cristo; [que su uni\u00f3n sea fecunda, sean padres de probada virtud, vean ambos los hijos de sus hijos] y, despu\u00e9s de una feliz ancianidad, lleguen a la vida de los bienaventurados en el reino celestial. Por Jesucristo nuestro Se\u00f1or. R\/. Am\u00e9n.<\/p>\n\n\n\n<p><strong>PAZ<\/strong><\/p>\n\n\n\n<p><strong>COMUNI\u00d3N<\/strong><\/p>\n\n\n\n<p><strong>ORACI\u00d3N DESPU\u00c9S DE LA COMUNI\u00d3N<br><br><\/strong>Por medio de este sacrificio, Se\u00f1or, guarda con tu providencia y haz vivir en un mismo amor a quienes has unido en santo Matrimonio [y alimentado con un mismo pan y un mismo c\u00e1liz.] Por Jesucristo nuestro Se\u00f1or.<\/p>\n\n\n\n<p><strong>BENDICI\u00d3N<\/strong><\/p>\n\n\n\n<ul id=\"yui_3_17_2_1_1739473147417_903\" class=\"wp-block-list\">\n<li>Nuestro Se\u00f1or Jesucristo, que santific\u00f3 con su presencia las bodas de Can\u00e1, os conceda a vosotros, y a vuestros familiares y amigos, su bendici\u00f3n. R. Am\u00e9n.<\/li>\n\n\n\n<li>Nuestro Se\u00f1or Jesucristo, que am\u00f3 a su Iglesia hasta el extremo, os conceda amaros el uno al otro de la misma manera. R. Am\u00e9n.<\/li>\n\n\n\n<li>Nuestro Se\u00f1or Jesucristo os conceda ser testigos fieles de su resurrecci\u00f3n en el mundo y esperar con alegr\u00eda su venida gloriosa. R. Am\u00e9n.<\/li>\n\n\n\n<li>Y a todos vosotros, que est\u00e1is aqu\u00ed presentes, os bendiga Dios todopoderoso, Padre, Hijo y Esp\u00edritu Santo. R. Am\u00e9n.<\/li>\n<\/ul>\n\n\n\n<p><strong>FIRMAS<\/strong><br>Novia, novio; madrina, padrino; testigos (dos son necesarios, pero pueden firmar los que deseen)<\/p>\n\n\n\n<p><strong>FOTOS<\/strong><\/p>\n\n\n\n<p><strong>SALIDA<\/strong><\/p>\n\n\n\n<p><br><strong>CUESTIONES PR\u00c1CTICAS A CONSIDERAR<\/strong><\/p>\n\n\n\n<h3 class=\"wp-block-heading\">LLEGADA A LA IGLESIA, ENTRADA Y SALIDA<\/h3>\n\n\n\n<p>Si es posible, que no echen arroz u otras cosas\u2026<br><br>El Novio y la Madrina llegar\u00e1n 15\u00b4 antes<\/p>\n\n\n\n<p>La Novia estar\u00e1 esperando en la esquina anterior a la parroquia, para llegar 5\u00b4 antes.<\/p>\n\n\n\n<p>Ven llegar a la Novia y alguien manda entrar a todos, para que presencien la entrada de ambos.<\/p>\n\n\n\n<p>Dos formas de entrar: + Todos a la vez, o,<\/p>\n\n\n\n<p>Lo m\u00e1s normal: 1\u00ba Novio y Madrina,<\/p>\n\n\n\n<p>2\u00ba (Ni\u00f1os de anillos) Novia y Padrino.<\/p>\n\n\n\n<p>La salida: Novios (reci\u00e9n casados), Padrinos, Padres \u201cimpares\u201d<\/p>\n\n\n\n<h3 class=\"wp-block-heading\">A CONCRETAR CON EL SACERDOTE QUE \u201cOS VA A CASAR\u201d<\/h3>\n\n\n\n<p>AVISO: Si el sacerdote es de fuera de la Parroquia donde os vais a casar, necesita autorizaci\u00f3n expresa, nominal y por escrito del P\u00e1rroco.<\/p>\n\n\n\n<ul class=\"wp-block-list\">\n<li>Flores<\/li>\n\n\n\n<li>Fot\u00f3grafo<\/li>\n\n\n\n<li>Alfombra<\/li>\n\n\n\n<li>M\u00fasica<\/li>\n\n\n\n<li>Lugar de colocaci\u00f3n de novios, padrinos, padres \u201cimpares\u201d, testigos y asistentes<\/li>\n<\/ul>\n<\/details>\n","protected":false},"excerpt":{"rendered":"","protected":false},"author":1,"featured_media":0,"parent":0,"menu_order":0,"comment_status":"closed","ping_status":"closed","template":"","meta":{"_kadence_starter_templates_imported_post":false,"footnotes":""},"class_list":["post-232","page","type-page","status-publish","hentry"],"yoast_head":"<!-- This site is optimized with the Yoast SEO plugin v25.8 - https:\/\/yoast.com\/wordpress\/plugins\/seo\/ -->\n<title>El Rito del Matrimonio - Parroquia Nuestra Se\u00f1ora de la Visitaci\u00f3n<\/title>\n<meta name=\"robots\" content=\"index, follow, max-snippet:-1, max-image-preview:large, max-video-preview:-1\" \/>\n<link rel=\"canonical\" href=\"https:\/\/nsvisitacion.archimadrid.es\/index.php\/el-rito-del-matrimonio\/\" \/>\n<meta property=\"og:locale\" content=\"es_ES\" \/>\n<meta property=\"og:type\" content=\"article\" \/>\n<meta property=\"og:title\" content=\"El Rito del Matrimonio - Parroquia Nuestra Se\u00f1ora de la Visitaci\u00f3n\" \/>\n<meta property=\"og:url\" content=\"https:\/\/nsvisitacion.archimadrid.es\/index.php\/el-rito-del-matrimonio\/\" \/>\n<meta property=\"og:site_name\" content=\"Parroquia Nuestra Se\u00f1ora de la Visitaci\u00f3n\" \/>\n<meta property=\"article:modified_time\" content=\"2025-02-13T19:48:27+00:00\" \/>\n<meta name=\"twitter:card\" content=\"summary_large_image\" \/>\n<meta name=\"twitter:label1\" content=\"Tiempo de lectura\" \/>\n\t<meta name=\"twitter:data1\" content=\"9 minutos\" \/>\n<script type=\"application\/ld+json\" class=\"yoast-schema-graph\">{\"@context\":\"https:\/\/schema.org\",\"@graph\":[{\"@type\":\"WebPage\",\"@id\":\"https:\/\/nsvisitacion.archimadrid.es\/index.php\/el-rito-del-matrimonio\/\",\"url\":\"https:\/\/nsvisitacion.archimadrid.es\/index.php\/el-rito-del-matrimonio\/\",\"name\":\"El Rito del Matrimonio - Parroquia Nuestra Se\u00f1ora de la Visitaci\u00f3n\",\"isPartOf\":{\"@id\":\"https:\/\/nsvisitacion.archimadrid.es\/#website\"},\"datePublished\":\"2025-02-13T18:52:50+00:00\",\"dateModified\":\"2025-02-13T19:48:27+00:00\",\"breadcrumb\":{\"@id\":\"https:\/\/nsvisitacion.archimadrid.es\/index.php\/el-rito-del-matrimonio\/#breadcrumb\"},\"inLanguage\":\"es\",\"potentialAction\":[{\"@type\":\"ReadAction\",\"target\":[\"https:\/\/nsvisitacion.archimadrid.es\/index.php\/el-rito-del-matrimonio\/\"]}]},{\"@type\":\"BreadcrumbList\",\"@id\":\"https:\/\/nsvisitacion.archimadrid.es\/index.php\/el-rito-del-matrimonio\/#breadcrumb\",\"itemListElement\":[{\"@type\":\"ListItem\",\"position\":1,\"name\":\"Portada\",\"item\":\"https:\/\/nsvisitacion.archimadrid.es\/\"},{\"@type\":\"ListItem\",\"position\":2,\"name\":\"El Rito del Matrimonio\"}]},{\"@type\":\"WebSite\",\"@id\":\"https:\/\/nsvisitacion.archimadrid.es\/#website\",\"url\":\"https:\/\/nsvisitacion.archimadrid.es\/\",\"name\":\"Parroquia Nuestra Se\u00f1ora de la Visitaci\u00f3n\",\"description\":\"\",\"potentialAction\":[{\"@type\":\"SearchAction\",\"target\":{\"@type\":\"EntryPoint\",\"urlTemplate\":\"https:\/\/nsvisitacion.archimadrid.es\/?s={search_term_string}\"},\"query-input\":{\"@type\":\"PropertyValueSpecification\",\"valueRequired\":true,\"valueName\":\"search_term_string\"}}],\"inLanguage\":\"es\"}]}<\/script>\n<!-- \/ Yoast SEO plugin. -->","yoast_head_json":{"title":"El Rito del Matrimonio - Parroquia Nuestra Se\u00f1ora de la Visitaci\u00f3n","robots":{"index":"index","follow":"follow","max-snippet":"max-snippet:-1","max-image-preview":"max-image-preview:large","max-video-preview":"max-video-preview:-1"},"canonical":"https:\/\/nsvisitacion.archimadrid.es\/index.php\/el-rito-del-matrimonio\/","og_locale":"es_ES","og_type":"article","og_title":"El Rito del Matrimonio - Parroquia Nuestra Se\u00f1ora de la Visitaci\u00f3n","og_url":"https:\/\/nsvisitacion.archimadrid.es\/index.php\/el-rito-del-matrimonio\/","og_site_name":"Parroquia Nuestra Se\u00f1ora de la Visitaci\u00f3n","article_modified_time":"2025-02-13T19:48:27+00:00","twitter_card":"summary_large_image","twitter_misc":{"Tiempo de lectura":"9 minutos"},"schema":{"@context":"https:\/\/schema.org","@graph":[{"@type":"WebPage","@id":"https:\/\/nsvisitacion.archimadrid.es\/index.php\/el-rito-del-matrimonio\/","url":"https:\/\/nsvisitacion.archimadrid.es\/index.php\/el-rito-del-matrimonio\/","name":"El Rito del Matrimonio - Parroquia Nuestra Se\u00f1ora de la Visitaci\u00f3n","isPartOf":{"@id":"https:\/\/nsvisitacion.archimadrid.es\/#website"},"datePublished":"2025-02-13T18:52:50+00:00","dateModified":"2025-02-13T19:48:27+00:00","breadcrumb":{"@id":"https:\/\/nsvisitacion.archimadrid.es\/index.php\/el-rito-del-matrimonio\/#breadcrumb"},"inLanguage":"es","potentialAction":[{"@type":"ReadAction","target":["https:\/\/nsvisitacion.archimadrid.es\/index.php\/el-rito-del-matrimonio\/"]}]},{"@type":"BreadcrumbList","@id":"https:\/\/nsvisitacion.archimadrid.es\/index.php\/el-rito-del-matrimonio\/#breadcrumb","itemListElement":[{"@type":"ListItem","position":1,"name":"Portada","item":"https:\/\/nsvisitacion.archimadrid.es\/"},{"@type":"ListItem","position":2,"name":"El Rito del Matrimonio"}]},{"@type":"WebSite","@id":"https:\/\/nsvisitacion.archimadrid.es\/#website","url":"https:\/\/nsvisitacion.archimadrid.es\/","name":"Parroquia Nuestra Se\u00f1ora de la Visitaci\u00f3n","description":"","potentialAction":[{"@type":"SearchAction","target":{"@type":"EntryPoint","urlTemplate":"https:\/\/nsvisitacion.archimadrid.es\/?s={search_term_string}"},"query-input":{"@type":"PropertyValueSpecification","valueRequired":true,"valueName":"search_term_string"}}],"inLanguage":"es"}]}},"_links":{"self":[{"href":"https:\/\/nsvisitacion.archimadrid.es\/index.php\/wp-json\/wp\/v2\/pages\/232","targetHints":{"allow":["GET"]}}],"collection":[{"href":"https:\/\/nsvisitacion.archimadrid.es\/index.php\/wp-json\/wp\/v2\/pages"}],"about":[{"href":"https:\/\/nsvisitacion.archimadrid.es\/index.php\/wp-json\/wp\/v2\/types\/page"}],"author":[{"embeddable":true,"href":"https:\/\/nsvisitacion.archimadrid.es\/index.php\/wp-json\/wp\/v2\/users\/1"}],"replies":[{"embeddable":true,"href":"https:\/\/nsvisitacion.archimadrid.es\/index.php\/wp-json\/wp\/v2\/comments?post=232"}],"version-history":[{"count":6,"href":"https:\/\/nsvisitacion.archimadrid.es\/index.php\/wp-json\/wp\/v2\/pages\/232\/revisions"}],"predecessor-version":[{"id":244,"href":"https:\/\/nsvisitacion.archimadrid.es\/index.php\/wp-json\/wp\/v2\/pages\/232\/revisions\/244"}],"wp:attachment":[{"href":"https:\/\/nsvisitacion.archimadrid.es\/index.php\/wp-json\/wp\/v2\/media?parent=232"}],"curies":[{"name":"wp","href":"https:\/\/api.w.org\/{rel}","templated":true}]}}